{"id":142,"date":"2025-01-24T11:37:59","date_gmt":"2025-01-24T10:37:59","guid":{"rendered":"https:\/\/florys.club\/wp\/?page_id=142"},"modified":"2025-01-24T11:38:00","modified_gmt":"2025-01-24T10:38:00","slug":"impressum","status":"publish","type":"page","link":"https:\/\/florys.club\/wp\/?page_id=142","title":{"rendered":"Impressum"},"content":{"rendered":"\n<p>F\u00fcr den Inhalt verantwortlich<br>FC Flory&#8217;s G\u00f6fis<br>Badidastra\u00dfe 2a<br>6811 G\u00f6fis &#8211; \u00d6sterreich<br>fc-florys@outlook.com<\/p>\n\n\n\n<p>Design by Stefan Dunst<br>Umsetzung by Stefan Dunst<\/p>\n\n\n\n<p>Alle hier verwendeten Namen, Begriffe, Zeichen und Grafiken k\u00f6nnen Marken- oder Warenzeichen im Besitze ihrer rechtlichen Eigent\u00fcmer sein. Die Rechte aller erw\u00e4hnten und benutzten Marken- und Warenzeichen liegen ausschlie\u00dflich bei deren Eigent\u00fcmern.<\/p>\n","protected":false},"excerpt":{"rendered":"<p>F\u00fcr den Inhalt verantwortlichFC Flory&#8217;s G\u00f6fisBadidastra\u00dfe 2a6811 G\u00f6fis &#8211; \u00d6sterreichfc-florys@outlook.com Design by Stefan DunstUmsetzung by Stefan Dunst Alle hier verwendeten Namen, Begriffe, Zeichen und Grafiken k\u00f6nnen Marken- oder Warenzeichen im Besitze ihrer rechtlichen Eigent\u00fcmer sein. Die Rechte aller erw\u00e4hnten und benutzten Marken- und Warenzeichen liegen ausschlie\u00dflich bei deren Eigent\u00fcmern.<\/p>\n","protected":false},"author":1,"featured_media":0,"parent":0,"menu_order":0,"comment_status":"closed","ping_status":"closed","template":"","meta":{"pagelayer_contact_templates":[],"_pagelayer_content":"","footnotes":""},"class_list":["post-142","page","type-page","status-publish","hentry"],"_links":{"self":[{"href":"https:\/\/florys.club\/wp\/index.php?rest_route=\/wp\/v2\/pages\/142","targetHints":{"allow":["GET"]}}],"collection":[{"href":"https:\/\/florys.club\/wp\/index.php?rest_route=\/wp\/v2\/pages"}],"about":[{"href":"https:\/\/florys.club\/wp\/index.php?rest_route=\/wp\/v2\/types\/page"}],"author":[{"embeddable":true,"href":"https:\/\/florys.club\/wp\/index.php?rest_route=\/wp\/v2\/users\/1"}],"replies":[{"embeddable":true,"href":"https:\/\/florys.club\/wp\/index.php?rest_route=%2Fwp%2Fv2%2Fcomments&post=142"}],"version-history":[{"count":1,"href":"https:\/\/florys.club\/wp\/index.php?rest_route=\/wp\/v2\/pages\/142\/revisions"}],"predecessor-version":[{"id":144,"href":"https:\/\/florys.club\/wp\/index.php?rest_route=\/wp\/v2\/pages\/142\/revisions\/144"}],"wp:attachment":[{"href":"https:\/\/florys.club\/wp\/index.php?rest_route=%2Fwp%2Fv2%2Fmedia&parent=142"}],"curies":[{"name":"wp","href":"https:\/\/api.w.org\/{rel}","templated":true}]}}