{"id":16,"date":"2023-11-26T08:39:21","date_gmt":"2023-11-26T07:39:21","guid":{"rendered":"http:\/\/florys.club\/wp\/?page_id=16"},"modified":"2025-09-14T19:24:45","modified_gmt":"2025-09-14T18:24:45","slug":"home","status":"publish","type":"page","link":"https:\/\/florys.club\/wp\/","title":{"rendered":"Willkommen"},"content":{"rendered":"\n<p>Herzlich Willkommen auf der Homepage des FC Florys 77<\/p>\n\n\n\n<p>Wir sind ein Hobbyfu\u00dfballverein aus G\u00f6fis.Unser Training findet im Sommer Donnerstags auf dem Sportplatz G\u00f6fis oder im Winter jeden Mittwoch in der Sporthalle Rebberggasse in Feldkirch, statt.<br>Falls du Interesse hast, bei uns mitzumachen schreib uns doch, oder komm einfach beim n\u00e4chsten Training vorbei.<\/p>\n\n\n\n<div class=\"wp-block-query is-layout-flow wp-block-query-is-layout-flow\"><ul class=\"wp-block-post-template is-layout-flow wp-block-post-template-is-layout-flow\"><li class=\"wp-block-post post-194 post type-post status-publish format-standard has-post-thumbnail hentry category-uncategorized\">\n<h2 class=\"wp-block-post-title\"><a href=\"https:\/\/florys.club\/wp\/?p=194\" target=\"_self\" >Florys Hallenturnier 2026 &#8211; Ein Turnier f\u00fcr alle<\/a><\/h2>\n\n<figure class=\"alignwide wp-block-post-featured-image\"><a href=\"https:\/\/florys.club\/wp\/?p=194\" target=\"_self\"  ><img loading=\"lazy\" decoding=\"async\" width=\"2560\" height=\"1920\" src=\"https:\/\/florys.club\/wp\/wp-content\/uploads\/2025\/12\/IMG_0731-scaled.jpeg\" class=\"attachment-post-thumbnail size-post-thumbnail wp-post-image\" alt=\"Florys Hallenturnier 2026 &#8211; Ein Turnier f\u00fcr alle\" style=\"object-fit:cover;\" srcset=\"https:\/\/florys.club\/wp\/wp-content\/uploads\/2025\/12\/IMG_0731-scaled.jpeg 2560w, https:\/\/florys.club\/wp\/wp-content\/uploads\/2025\/12\/IMG_0731-300x225.jpeg 300w, https:\/\/florys.club\/wp\/wp-content\/uploads\/2025\/12\/IMG_0731-1024x768.jpeg 1024w, https:\/\/florys.club\/wp\/wp-content\/uploads\/2025\/12\/IMG_0731-768x576.jpeg 768w, https:\/\/florys.club\/wp\/wp-content\/uploads\/2025\/12\/IMG_0731-535x401.jpeg 535w, https:\/\/florys.club\/wp\/wp-content\/uploads\/2025\/12\/IMG_0731-1536x1152.jpeg 1536w, https:\/\/florys.club\/wp\/wp-content\/uploads\/2025\/12\/IMG_0731-2048x1536.jpeg 2048w\" sizes=\"auto, (max-width: 2560px) 100vw, 2560px\" \/><\/a><\/figure>\n\n<div class=\"wp-block-post-excerpt\"><p class=\"wp-block-post-excerpt__excerpt\">Ein Jahr ist schon wieder vorbei und das bedeutet: Es ist wieder Zeit f\u00fcr unser Hallenturnier!Nach dem spannenden Turnier im letzten Jahr sind wir schon gespannt, ob RB Montfort den Titel verteidigen kann, oder aber wer sich neu zum Hallenturniersieger kr\u00f6nen darf. &#x1f4c5; Wann: Samstag, 24. J\u00e4nner 2026&#x1f4cd; Wo: Sporthalle [&hellip;] <\/p><\/div>\n\n\n<hr class=\"wp-block-separator has-css-opacity\"\/>\n\n\n<div class=\"wp-block-post-date\"><time datetime=\"2025-12-15T21:33:47+01:00\">Dezember 15, 2025<\/time><\/div>\n<\/li><li class=\"wp-block-post post-190 post type-post status-publish format-standard has-post-thumbnail hentry category-uncategorized\">\n<h2 class=\"wp-block-post-title\"><a href=\"https:\/\/florys.club\/wp\/?p=190\" target=\"_self\" >Knappe Niederlage in \u00dcbersaxen<\/a><\/h2>\n\n<figure class=\"alignwide wp-block-post-featured-image\"><a href=\"https:\/\/florys.club\/wp\/?p=190\" target=\"_self\"  ><img loading=\"lazy\" decoding=\"async\" width=\"1600\" height=\"900\" src=\"https:\/\/florys.club\/wp\/wp-content\/uploads\/2025\/10\/IMG-20240508-WA0003.jpg\" class=\"attachment-post-thumbnail size-post-thumbnail wp-post-image\" alt=\"Knappe Niederlage in \u00dcbersaxen\" style=\"object-fit:cover;\" srcset=\"https:\/\/florys.club\/wp\/wp-content\/uploads\/2025\/10\/IMG-20240508-WA0003.jpg 1600w, https:\/\/florys.club\/wp\/wp-content\/uploads\/2025\/10\/IMG-20240508-WA0003-300x169.jpg 300w, https:\/\/florys.club\/wp\/wp-content\/uploads\/2025\/10\/IMG-20240508-WA0003-1024x576.jpg 1024w, https:\/\/florys.club\/wp\/wp-content\/uploads\/2025\/10\/IMG-20240508-WA0003-768x432.jpg 768w, https:\/\/florys.club\/wp\/wp-content\/uploads\/2025\/10\/IMG-20240508-WA0003-535x301.jpg 535w, https:\/\/florys.club\/wp\/wp-content\/uploads\/2025\/10\/IMG-20240508-WA0003-1536x864.jpg 1536w\" sizes=\"auto, (max-width: 1600px) 100vw, 1600px\" \/><\/a><\/figure>\n\n<div class=\"wp-block-post-excerpt\"><p class=\"wp-block-post-excerpt__excerpt\">Ein spannendes und vor allem hart umk\u00e4mpftes Duell lieferten sich in der letzten Woche unser FC Florys und die (auch mit ein paar Jungen gespickten) Altherren \u00dcbersaxen \u2013 leider mit dem gl\u00fccklicheren Ende f\u00fcr die Gastgeber. Trotz einer couragierten Leistung mussten sich die Florys am Ende knapp mit 2:3 geschlagen [&hellip;] <\/p><\/div>\n\n\n<hr class=\"wp-block-separator has-css-opacity\"\/>\n\n\n<div class=\"wp-block-post-date\"><time datetime=\"2025-10-10T20:39:48+01:00\">Oktober 10, 2025<\/time><\/div>\n<\/li><li class=\"wp-block-post post-135 post type-post status-publish format-standard has-post-thumbnail hentry category-uncategorized\">\n<h2 class=\"wp-block-post-title\"><a href=\"https:\/\/florys.club\/wp\/?p=135\" target=\"_self\" >Florys on Ice<\/a><\/h2>\n\n<figure class=\"alignwide wp-block-post-featured-image\"><a href=\"https:\/\/florys.club\/wp\/?p=135\" target=\"_self\"  ><img loading=\"lazy\" decoding=\"async\" width=\"1600\" height=\"1200\" src=\"https:\/\/florys.club\/wp\/wp-content\/uploads\/2025\/01\/Teamfoto.jpg\" class=\"attachment-post-thumbnail size-post-thumbnail wp-post-image\" alt=\"Florys on Ice\" style=\"object-fit:cover;\" srcset=\"https:\/\/florys.club\/wp\/wp-content\/uploads\/2025\/01\/Teamfoto.jpg 1600w, https:\/\/florys.club\/wp\/wp-content\/uploads\/2025\/01\/Teamfoto-300x225.jpg 300w, https:\/\/florys.club\/wp\/wp-content\/uploads\/2025\/01\/Teamfoto-1024x768.jpg 1024w, https:\/\/florys.club\/wp\/wp-content\/uploads\/2025\/01\/Teamfoto-768x576.jpg 768w, https:\/\/florys.club\/wp\/wp-content\/uploads\/2025\/01\/Teamfoto-535x401.jpg 535w, https:\/\/florys.club\/wp\/wp-content\/uploads\/2025\/01\/Teamfoto-1536x1152.jpg 1536w\" sizes=\"auto, (max-width: 1600px) 100vw, 1600px\" \/><\/a><\/figure>\n\n<div class=\"wp-block-post-excerpt\"><p class=\"wp-block-post-excerpt__excerpt\">Am 28. Dezember hat der FC Florys in einer ungewohnten Disziplin neue Abenteuer gewagt und statt eines Fu\u00dfballspiels ein Eishockey-Match gegen die Hobby-Fu\u00dfballmannschaft von RB Montfort ausgetragen. Der Schauplatz war der Eislaufplatz in Hohenems \u2013 eine Premiere f\u00fcr viele unserer Spieler, die seit Jahren nicht mehr auf dem Eis standen. [&hellip;] <\/p><\/div>\n\n\n<hr class=\"wp-block-separator has-css-opacity\"\/>\n\n\n<div class=\"wp-block-post-date\"><time datetime=\"2025-01-06T21:51:10+01:00\">Januar 6, 2025<\/time><\/div>\n<\/li><\/ul><\/div>\n","protected":false},"excerpt":{"rendered":"<p>Herzlich Willkommen auf der Homepage des FC Florys 77 Wir sind ein Hobbyfu\u00dfballverein aus G\u00f6fis.Unser Training findet im Sommer Donnerstags auf dem Sportplatz G\u00f6fis oder im Winter jeden Mittwoch in der Sporthalle Rebberggasse in Feldkirch, statt.Falls du Interesse hast, bei uns mitzumachen schreib uns doch, oder komm einfach beim n\u00e4chsten [&hellip;]<\/p>\n","protected":false},"author":1,"featured_media":0,"parent":0,"menu_order":0,"comment_status":"closed","ping_status":"closed","template":"","meta":{"pagelayer_contact_templates":[],"_pagelayer_content":"","footnotes":""},"class_list":["post-16","page","type-page","status-publish","hentry"],"_links":{"self":[{"href":"https:\/\/florys.club\/wp\/index.php?rest_route=\/wp\/v2\/pages\/16","targetHints":{"allow":["GET"]}}],"collection":[{"href":"https:\/\/florys.club\/wp\/index.php?rest_route=\/wp\/v2\/pages"}],"about":[{"href":"https:\/\/florys.club\/wp\/index.php?rest_route=\/wp\/v2\/types\/page"}],"author":[{"embeddable":true,"href":"https:\/\/florys.club\/wp\/index.php?rest_route=\/wp\/v2\/users\/1"}],"replies":[{"embeddable":true,"href":"https:\/\/florys.club\/wp\/index.php?rest_route=%2Fwp%2Fv2%2Fcomments&post=16"}],"version-history":[{"count":10,"href":"https:\/\/florys.club\/wp\/index.php?rest_route=\/wp\/v2\/pages\/16\/revisions"}],"predecessor-version":[{"id":183,"href":"https:\/\/florys.club\/wp\/index.php?rest_route=\/wp\/v2\/pages\/16\/revisions\/183"}],"wp:attachment":[{"href":"https:\/\/florys.club\/wp\/index.php?rest_route=%2Fwp%2Fv2%2Fmedia&parent=16"}],"curies":[{"name":"wp","href":"https:\/\/api.w.org\/{rel}","templated":true}]}}