{"id":30,"date":"2023-11-26T09:18:43","date_gmt":"2023-11-26T09:18:43","guid":{"rendered":"https:\/\/florys.club\/wp\/?page_id=30"},"modified":"2025-01-24T13:02:00","modified_gmt":"2025-01-24T12:02:00","slug":"kontakt","status":"publish","type":"page","link":"https:\/\/florys.club\/wp\/?page_id=30","title":{"rendered":"Unsere letzten Ergebnisse"},"content":{"rendered":"\n<figure class=\"wp-block-table\"><table><thead><tr><th>Datum<\/th><th>Begegnung\/Event<\/th><th>Ergebnis<\/th><\/tr><\/thead><tbody><tr><td>16.11.2024<\/td><td>Muldakicker Hallenturnier<\/td><td>Aus in Vorrunde<\/td><\/tr><tr><td>19.09.2024<\/td><td>AH \u00dcbersaxen &#8211; FC Florys (9 vs 9)<\/td><td>4:1 (2:0)<\/td><\/tr><tr><td>19.05.2024<\/td><td>Pfingstturnier G\u00f6fis<\/td><td>11. Rang<\/td><\/tr><tr><td><strong>2023<\/strong><\/td><td><\/td><td><\/td><\/tr><tr><td>24.11.2023<\/td><td>SV Satteins Hallenturnier<\/td><td>4. Rang<\/td><\/tr><tr><td>25.10.2023<\/td><td>AH G\u00f6fis &#8211; FC Florys<\/td><td>7:1 (3:1)<\/td><\/tr><tr><td>28.09.2023<\/td><td>AH \u00dcbersaxen &#8211; FC Florys (9 vs 9)<\/td><td>7:4 (3:1)<\/td><\/tr><tr><td>27.05.2023<\/td><td>Pfingstturnier G\u00f6fis<\/td><td>15. Rang<\/td><\/tr><tr><td><strong>2022<\/strong><\/td><td><\/td><td><\/td><\/tr><tr><td>23.09.2022<\/td><td>FC Florys &#8211; Badaila Kickers<\/td><td>1:7<\/td><\/tr><tr><td>17.09.2022<\/td><td>FC Florys &#8211; FC Brand<\/td><td>2:2<\/td><\/tr><tr><td>03.09.2022<\/td><td>USV Th\u00fcringerberg &#8211; FC Florys<\/td><td>4:3<\/td><\/tr><tr><td>27.08.2022<\/td><td>SPG B\u00e4rg-Tal &#8211; FC Florys<\/td><td>5:2<\/td><\/tr><tr><td>15.08.2022<\/td><td>FC Brand &#8211; FC Florys<\/td><td>0:1<\/td><\/tr><\/tbody><\/table><\/figure>\n","protected":false},"excerpt":{"rendered":"<p>Datum Begegnung\/Event Ergebnis 16.11.2024 Muldakicker Hallenturnier Aus in Vorrunde 19.09.2024 AH \u00dcbersaxen &#8211; FC Florys (9 vs 9) 4:1 (2:0) 19.05.2024 Pfingstturnier G\u00f6fis 11. Rang 2023 24.11.2023 SV Satteins Hallenturnier 4. Rang 25.10.2023 AH G\u00f6fis &#8211; FC Florys 7:1 (3:1) 28.09.2023 AH \u00dcbersaxen &#8211; FC Florys (9 vs 9) 7:4 [&hellip;]<\/p>\n","protected":false},"author":1,"featured_media":0,"parent":0,"menu_order":0,"comment_status":"closed","ping_status":"closed","template":"","meta":{"pagelayer_contact_templates":[],"_pagelayer_content":"","footnotes":""},"class_list":["post-30","page","type-page","status-publish","hentry"],"_links":{"self":[{"href":"https:\/\/florys.club\/wp\/index.php?rest_route=\/wp\/v2\/pages\/30","targetHints":{"allow":["GET"]}}],"collection":[{"href":"https:\/\/florys.club\/wp\/index.php?rest_route=\/wp\/v2\/pages"}],"about":[{"href":"https:\/\/florys.club\/wp\/index.php?rest_route=\/wp\/v2\/types\/page"}],"author":[{"embeddable":true,"href":"https:\/\/florys.club\/wp\/index.php?rest_route=\/wp\/v2\/users\/1"}],"replies":[{"embeddable":true,"href":"https:\/\/florys.club\/wp\/index.php?rest_route=%2Fwp%2Fv2%2Fcomments&post=30"}],"version-history":[{"count":4,"href":"https:\/\/florys.club\/wp\/index.php?rest_route=\/wp\/v2\/pages\/30\/revisions"}],"predecessor-version":[{"id":159,"href":"https:\/\/florys.club\/wp\/index.php?rest_route=\/wp\/v2\/pages\/30\/revisions\/159"}],"wp:attachment":[{"href":"https:\/\/florys.club\/wp\/index.php?rest_route=%2Fwp%2Fv2%2Fmedia&parent=30"}],"curies":[{"name":"wp","href":"https:\/\/api.w.org\/{rel}","templated":true}]}}